{"id":845,"date":"2022-10-25T11:22:36","date_gmt":"2022-10-25T09:22:36","guid":{"rendered":"https:\/\/cheese-gentlemen.com\/?page_id=845"},"modified":"2023-02-08T00:44:11","modified_gmt":"2023-02-07T22:44:11","slug":"termsconditions","status":"publish","type":"page","link":"https:\/\/cheese-gentlemen.com\/en\/termsconditions\/","title":{"rendered":"Terms and Conditions"},"content":{"rendered":"<section class=\"wpb-content-wrapper\"><p>[vc_row][vc_column][vc_column_text woodmart_inline=&#8221;no&#8221; text_larger=&#8221;no&#8221;]<\/p>\n<h2>Terms &amp; Conditions<\/h2>\n<p><strong>Geltungsbereich<\/strong><br \/>\nF\u00fcr die Gesch\u00e4ftsbeziehungen zwischen der CASEUS GMBH und dem Kunden gelten ausschlie\u00dflich diese allgemeinen Gesch\u00e4ftsbedingungen. Entgegenstehende oder von diesen AGB abweichende Bedingungen erkennt CASEUS GMBH nicht an und widerspricht ihnen hiermit ausdr\u00fccklich. Entgegenstehende Gesch\u00e4ftsbedingungen des Kunden sind nur g\u00fcltig, wenn die CASEUS GMBH ausdr\u00fccklich und schriftlich zustimmt.<\/p>\n<p><strong>Zeitpunkt des Vertragsschlusses<\/strong><br \/>\nDurch Anklicken des Buttons \u201eJetzt kaufen\u201c, \u201cBestellung abschicken\u201d bzw. \u201eWeiter zu PayPal\u201c (oder \u00e4hnlicher Bezeichnung zu weiterf\u00fchrenden Zahlungsarten bzw. die eine Kaufabsicht vermittelt) geben Sie eine verbindliche Bestellung der im Warenkorb enthaltenen Waren ab. Die Best\u00e4tigung des Eingangs der Bestellung folgt unmittelbar nach dem Absenden der Bestellung. Der Kaufvertrag kommt mit unserer Auslieferungsbest\u00e4tigung oder Lieferung der Waren zustande.<\/p>\n<p><strong>Einsicht in den Vertragstext<\/strong><br \/>\nDer Vertragstext wird gespeichert. Sie k\u00f6nnen die allgemeinen Vertragsbedingungen jederzeit auf dieser Seite einsehen. Ihre konkreten Bestelldaten k\u00f6nnen Sie in unter Mein Konto einsehen.<\/p>\n<p><strong>Lieferzeiten<\/strong><br \/>\nDie voraussichtliche Lieferzeit entnehmen Sie bitte der Produktbeschreibung. Falls dort keine Angaben gemacht werden, erfolgt die Lieferung bei Bestellannahme innerhalb von 5 Werktagen nach Zahlungseingang. Die Vereinbarung l\u00e4ngerer Lieferzeiten auf Ihren Wunsch ist m\u00f6glich.<\/p>\n<p><strong>Widerrufsbelehrung\/Widerrufsrecht<\/strong><br \/>\nSie k\u00f6nnen Ihre Vertragserkl\u00e4rung innerhalb von zwei Wochen ohne Angabe von Gr\u00fcnden in Textform (z.B. Brief, Fax, E-Mail) oder durch R\u00fccksendung der Ware\u00a0widerrufen. Die Frist beginnt fr\u00fchestens mit Erhalt dieser Belehrung. Zur Wahrung der Widerrufsfrist gen\u00fcgt die rechtzeitige Absendung des Widerrufs oder der Sache. Der Widerruf ist zu richten an:<\/p>\n<div>\n<p><strong>CASEUS GMBH<\/strong><\/p>\n<p>Flughafenstra\u00dfe 8<br \/>\n9020 Klagenfurt<br \/>\nAUSTRIA<\/p>\n<p>+43 664 411 6592<br \/>\noffice@cheese-gentlemen.com<\/p>\n<h3><\/h3>\n<\/div>\n<div><\/div>\n<p><strong>Widerrufsfolgen<\/strong><br \/>\nIm Falle eines wirksamen Widerrufs sind die beiderseits empfangenen Leistungen zur\u00fcckzugew\u00e4hren und ggf. gezogene Nutzungen (z.B. Zinsen) herauszugeben. K\u00f6nnen Sie uns die empfangene Leistung ganz oder teilweise nicht oder nur in verschlechtertem Zustand zur\u00fcckgew\u00e4hren, m\u00fcssen Sie uns insoweit ggf. Wertersatz leisten. Bei der \u00dcberlassung von Ware\u00a0gilt dies nicht, wenn die Verschlechterung der Ware ausschlie\u00dflich auf deren Pr\u00fcfung \u2013 wie sie Ihnen etwa im Ladengesch\u00e4ft m\u00f6glich gewesen w\u00e4re \u2013 zur\u00fcckzuf\u00fchren ist. Im \u00dcbrigen k\u00f6nnen Sie die Wertersatzpflicht vermeiden, indem Sie die Sache nicht wie ihr Eigentum in Gebrauch nehmen und alles unterlassen, was deren Wert beeintr\u00e4chtigt. Paketversandf\u00e4hige Ware\u00a0ist zur\u00fcckzusenden. \u00a0Sie haben die Kosten der R\u00fccksendung zu tragen. Verpflichtungen zur Erstattung von Zahlungen m\u00fcssen Sie innerhalb von 30 Tagen nach Absendung ihrer Widerrufserkl\u00e4rung erf\u00fcllen.<\/p>\n<p><strong>Besondere Hinweise<\/strong><br \/>\nIhr Widerrufsrecht erlischt vorzeitig, wenn Ihr Vertragspartner mit der Ausf\u00fchrung der Dienstleistung mit Ihrer ausdr\u00fccklichen Zustimmung vor Ende der Widerrufsfrist begonnen hat oder Sie diese selbst veranlasst haben (z.B. durch Download etc.).<\/p>\n<p><strong>Gew\u00e4hrleistung<\/strong><br \/>\nDie Gew\u00e4hrleistung erfolgt nach den gesetzlichen Bestimmungen, wobei wir im Falle eines Mangels der Ware nach Ihrer Wahl zun\u00e4chst nachliefern oder nachbessern. Schl\u00e4gt die Nachbesserung fehl oder ist die nachgelieferte Ware ebenfalls mangelbehaftet, so k\u00f6nnen Sie die Ware gegen R\u00fcckerstattung des vollen Kaufpreises zur\u00fcck geben oder die Ware behalten und den Kaufpreis mindern. Informationen \u00fcber eventuelle Herstellergarantien entnehmen Sie bitte der Produktdokumentation.\u00a0Die Haftung beschr\u00e4nkt sich au\u00dfer bei Vorsatz auf den Artikelpreis.<\/p>\n<p><strong>Eigentumsvorbehalt<\/strong><br \/>\nDie gelieferte Ware bleibt bis zur vollst\u00e4ndigen Bezahlung unser Eigentum.<\/p>\n<p><strong>Gerichtsstand<\/strong><br \/>\nDer Gerichtsstand f\u00fcr alle Rechtsstreitigkeiten aus diesem Vertrag ist das\u00a0Landesgericht Klagenfurt am W\u00f6rthersee.<\/p>\n<p><strong>Datenschutzerkl\u00e4rung<\/strong><br \/>\nWir verwenden Ihre Bestandsdaten ausschlie\u00dflich zur Abwicklung Ihrer Bestellung. Alle Kundendaten werden unter Beachtung der einschl\u00e4gigen Vorschriften der Bundesdatenschutzgesetze (BDSG) und des Teledienstdatenschutzgesetzes (TDDSG) von uns gespeichert und verarbeitet. Sie haben jederzeit ein Recht auf kostenlose Auskunft, Berichtigung, Sperrung und L\u00f6schung Ihrer gespeicherten Daten. Bitte wenden Sie sich an kontakt@cheese-gentlemen.at oder senden Sie uns Ihr Verlangen per Post oder Fax.<\/p>\n<p>Wir geben Ihre personenbezogenen Daten einschlie\u00dflich Ihrer Haus-Adresse und E-Mail-Adresse nicht ohne Ihre ausdr\u00fcckliche und jederzeit widerrufliche Einwilligung an Dritte weiter. Ausgenommen hiervon sind unsere Dienstleistungspartner, die zur Bestellabwicklung die \u00dcbermittlung von Daten ben\u00f6tigen (z.B. das mit der Lieferung beauftragte Versandunternehmen und das mit der Zahlungsabwicklung beauftragte Kreditinstitut). In diesen F\u00e4llen beschr\u00e4nkt sich der Umfang der \u00fcbermittelten Daten jedoch nur auf das erforderliche Minimum.[\/vc_column_text][\/vc_column][\/vc_row]<\/p>\n<\/section>","protected":false},"excerpt":{"rendered":"<p>[vc_row][vc_column][vc_column_text woodmart_inline=&#8221;no&#8221; text_larger=&#8221;no&#8221;] Terms &amp; Conditions Geltungsbereich F\u00fcr die Gesch\u00e4ftsbeziehungen zwischen der CASEUS GMBH und dem Kunden gelten ausschlie\u00dflich diese<\/p>\n","protected":false},"author":1,"featured_media":0,"parent":0,"menu_order":0,"comment_status":"closed","ping_status":"closed","template":"","meta":{"inline_featured_image":false},"yoast_head":"<!-- This site is optimized with the Yoast SEO plugin v20.8 - https:\/\/yoast.com\/wordpress\/plugins\/seo\/ -->\n<title>Terms and Conditions - Cheese Gentlemen<\/title>\n<meta name=\"robots\" content=\"index, follow, max-snippet:-1, max-image-preview:large, max-video-preview:-1\" \/>\n<link rel=\"canonical\" href=\"https:\/\/cheese-gentlemen.com\/en\/termsconditions\/\" \/>\n<meta property=\"og:locale\" content=\"en_US\" \/>\n<meta property=\"og:type\" content=\"article\" \/>\n<meta property=\"og:title\" content=\"Terms and Conditions - Cheese Gentlemen\" \/>\n<meta property=\"og:description\" content=\"[vc_row][vc_column][vc_column_text woodmart_inline=&#8221;no&#8221; text_larger=&#8221;no&#8221;] Terms &amp; Conditions Geltungsbereich F\u00fcr die Gesch\u00e4ftsbeziehungen zwischen der CASEUS GMBH und dem Kunden gelten ausschlie\u00dflich diese\" \/>\n<meta property=\"og:url\" content=\"https:\/\/cheese-gentlemen.com\/en\/termsconditions\/\" \/>\n<meta property=\"og:site_name\" content=\"Cheese Gentlemen\" \/>\n<meta property=\"article:modified_time\" content=\"2023-02-07T22:44:11+00:00\" \/>\n<meta name=\"twitter:card\" content=\"summary_large_image\" \/>\n<meta name=\"twitter:label1\" content=\"Est. reading time\" \/>\n\t<meta name=\"twitter:data1\" content=\"4 minutes\" \/>\n<script type=\"application\/ld+json\" class=\"yoast-schema-graph\">{\"@context\":\"https:\/\/schema.org\",\"@graph\":[{\"@type\":\"WebPage\",\"@id\":\"https:\/\/cheese-gentlemen.com\/en\/termsconditions\/\",\"url\":\"https:\/\/cheese-gentlemen.com\/en\/termsconditions\/\",\"name\":\"Terms and Conditions - Cheese Gentlemen\",\"isPartOf\":{\"@id\":\"https:\/\/cheese-gentlemen.com\/en\/#website\"},\"datePublished\":\"2022-10-25T09:22:36+00:00\",\"dateModified\":\"2023-02-07T22:44:11+00:00\",\"breadcrumb\":{\"@id\":\"https:\/\/cheese-gentlemen.com\/en\/termsconditions\/#breadcrumb\"},\"inLanguage\":\"en-US\",\"potentialAction\":[{\"@type\":\"ReadAction\",\"target\":[\"https:\/\/cheese-gentlemen.com\/en\/termsconditions\/\"]}]},{\"@type\":\"BreadcrumbList\",\"@id\":\"https:\/\/cheese-gentlemen.com\/en\/termsconditions\/#breadcrumb\",\"itemListElement\":[{\"@type\":\"ListItem\",\"position\":1,\"name\":\"Startseite\",\"item\":\"https:\/\/cheese-gentlemen.com\/en\/\"},{\"@type\":\"ListItem\",\"position\":2,\"name\":\"Terms and Conditions\"}]},{\"@type\":\"WebSite\",\"@id\":\"https:\/\/cheese-gentlemen.com\/en\/#website\",\"url\":\"https:\/\/cheese-gentlemen.com\/en\/\",\"name\":\"Cheese Gentlemen\",\"description\":\"Ein St\u00fcck  Genuss vom Gentleman\",\"publisher\":{\"@id\":\"https:\/\/cheese-gentlemen.com\/en\/#organization\"},\"potentialAction\":[{\"@type\":\"SearchAction\",\"target\":{\"@type\":\"EntryPoint\",\"urlTemplate\":\"https:\/\/cheese-gentlemen.com\/en\/?s={search_term_string}\"},\"query-input\":\"required name=search_term_string\"}],\"inLanguage\":\"en-US\"},{\"@type\":\"Organization\",\"@id\":\"https:\/\/cheese-gentlemen.com\/en\/#organization\",\"name\":\"Cheese Gentlemen\",\"url\":\"https:\/\/cheese-gentlemen.com\/en\/\",\"logo\":{\"@type\":\"ImageObject\",\"inLanguage\":\"en-US\",\"@id\":\"https:\/\/cheese-gentlemen.com\/en\/#\/schema\/logo\/image\/\",\"url\":\"https:\/\/cheese-gentlemen.com\/wp-content\/uploads\/2022\/08\/logo-cheese.svg\",\"contentUrl\":\"https:\/\/cheese-gentlemen.com\/wp-content\/uploads\/2022\/08\/logo-cheese.svg\",\"width\":\"1024\",\"height\":\"1024\",\"caption\":\"Cheese Gentlemen\"},\"image\":{\"@id\":\"https:\/\/cheese-gentlemen.com\/en\/#\/schema\/logo\/image\/\"}}]}<\/script>\n<!-- \/ Yoast SEO plugin. -->","yoast_head_json":{"title":"Terms and Conditions - Cheese Gentlemen","robots":{"index":"index","follow":"follow","max-snippet":"max-snippet:-1","max-image-preview":"max-image-preview:large","max-video-preview":"max-video-preview:-1"},"canonical":"https:\/\/cheese-gentlemen.com\/en\/termsconditions\/","og_locale":"en_US","og_type":"article","og_title":"Terms and Conditions - Cheese Gentlemen","og_description":"[vc_row][vc_column][vc_column_text woodmart_inline=&#8221;no&#8221; text_larger=&#8221;no&#8221;] Terms &amp; Conditions Geltungsbereich F\u00fcr die Gesch\u00e4ftsbeziehungen zwischen der CASEUS GMBH und dem Kunden gelten ausschlie\u00dflich diese","og_url":"https:\/\/cheese-gentlemen.com\/en\/termsconditions\/","og_site_name":"Cheese Gentlemen","article_modified_time":"2023-02-07T22:44:11+00:00","twitter_card":"summary_large_image","twitter_misc":{"Est. reading time":"4 minutes"},"schema":{"@context":"https:\/\/schema.org","@graph":[{"@type":"WebPage","@id":"https:\/\/cheese-gentlemen.com\/en\/termsconditions\/","url":"https:\/\/cheese-gentlemen.com\/en\/termsconditions\/","name":"Terms and Conditions - Cheese Gentlemen","isPartOf":{"@id":"https:\/\/cheese-gentlemen.com\/en\/#website"},"datePublished":"2022-10-25T09:22:36+00:00","dateModified":"2023-02-07T22:44:11+00:00","breadcrumb":{"@id":"https:\/\/cheese-gentlemen.com\/en\/termsconditions\/#breadcrumb"},"inLanguage":"en-US","potentialAction":[{"@type":"ReadAction","target":["https:\/\/cheese-gentlemen.com\/en\/termsconditions\/"]}]},{"@type":"BreadcrumbList","@id":"https:\/\/cheese-gentlemen.com\/en\/termsconditions\/#breadcrumb","itemListElement":[{"@type":"ListItem","position":1,"name":"Startseite","item":"https:\/\/cheese-gentlemen.com\/en\/"},{"@type":"ListItem","position":2,"name":"Terms and Conditions"}]},{"@type":"WebSite","@id":"https:\/\/cheese-gentlemen.com\/en\/#website","url":"https:\/\/cheese-gentlemen.com\/en\/","name":"Cheese Gentlemen","description":"Ein St\u00fcck  Genuss vom Gentleman","publisher":{"@id":"https:\/\/cheese-gentlemen.com\/en\/#organization"},"potentialAction":[{"@type":"SearchAction","target":{"@type":"EntryPoint","urlTemplate":"https:\/\/cheese-gentlemen.com\/en\/?s={search_term_string}"},"query-input":"required name=search_term_string"}],"inLanguage":"en-US"},{"@type":"Organization","@id":"https:\/\/cheese-gentlemen.com\/en\/#organization","name":"Cheese Gentlemen","url":"https:\/\/cheese-gentlemen.com\/en\/","logo":{"@type":"ImageObject","inLanguage":"en-US","@id":"https:\/\/cheese-gentlemen.com\/en\/#\/schema\/logo\/image\/","url":"https:\/\/cheese-gentlemen.com\/wp-content\/uploads\/2022\/08\/logo-cheese.svg","contentUrl":"https:\/\/cheese-gentlemen.com\/wp-content\/uploads\/2022\/08\/logo-cheese.svg","width":"1024","height":"1024","caption":"Cheese Gentlemen"},"image":{"@id":"https:\/\/cheese-gentlemen.com\/en\/#\/schema\/logo\/image\/"}}]}},"_links":{"self":[{"href":"https:\/\/cheese-gentlemen.com\/en\/wp-json\/wp\/v2\/pages\/845"}],"collection":[{"href":"https:\/\/cheese-gentlemen.com\/en\/wp-json\/wp\/v2\/pages"}],"about":[{"href":"https:\/\/cheese-gentlemen.com\/en\/wp-json\/wp\/v2\/types\/page"}],"author":[{"embeddable":true,"href":"https:\/\/cheese-gentlemen.com\/en\/wp-json\/wp\/v2\/users\/1"}],"replies":[{"embeddable":true,"href":"https:\/\/cheese-gentlemen.com\/en\/wp-json\/wp\/v2\/comments?post=845"}],"version-history":[{"count":4,"href":"https:\/\/cheese-gentlemen.com\/en\/wp-json\/wp\/v2\/pages\/845\/revisions"}],"predecessor-version":[{"id":1178,"href":"https:\/\/cheese-gentlemen.com\/en\/wp-json\/wp\/v2\/pages\/845\/revisions\/1178"}],"wp:attachment":[{"href":"https:\/\/cheese-gentlemen.com\/en\/wp-json\/wp\/v2\/media?parent=845"}],"curies":[{"name":"wp","href":"https:\/\/api.w.org\/{rel}","templated":true}]}}