{"id":830,"date":"2022-10-25T11:17:30","date_gmt":"2022-10-25T09:17:30","guid":{"rendered":"https:\/\/cheese-gentlemen.com\/?page_id=830"},"modified":"2022-11-04T09:55:22","modified_gmt":"2022-11-04T07:55:22","slug":"data-privacy","status":"publish","type":"page","link":"https:\/\/cheese-gentlemen.com\/en\/data-privacy\/","title":{"rendered":"Data privacy"},"content":{"rendered":"<section class=\"wpb-content-wrapper\"><p>[vc_row][vc_column][vc_column_text woodmart_inline=&#8221;no&#8221; text_larger=&#8221;no&#8221;]<\/p>\n<h2>Informationen zum Datenschutz<\/h2>\n<h3>Unsere Datenschutzrichtlinie<\/h3>\n<p>Die Einhaltung der jeweils geltenden gesetzlichen Bestimmungen zum Datenschutz personenbezogener Daten ist f\u00fcr uns selbstverst\u00e4ndlich. Das dritte Hauptst\u00fcck des Datenschutz-Anpassungsgesetzes 2018 dient der Umsetzung der Richtlinie (EU) 2016\/680 zum Schutz nat\u00fcrlicher Personen bei der Verarbeitung personenbezogener Daten durch die zust\u00e4ndigen Beh\u00f6rden zum Zwecke der Verh\u00fctung, Ermittlung, Aufdeckung oder Verfolgung von Straftaten oder der Strafvollstreckung sowie zum freien Datenverkehr und zur Aufhebung des Rahmenbeschlusses 2008\/977\/JI des Rates, ABl. Nr. L119 vom 4.5.2016 S. 89. Weitere Informationen zu unseren Datenschutzbestimmungen (Informationsverpflichtungen nach der DSGVO).<br \/>\nUnseren Datenschutzbeauftragten erreichen Sie unter: kontakt@cheese-gentlemen.com oder unter +43 664 411 6592<\/p>\n<h3>Cookies \/ Drittanbieter-Inhalte<\/h3>\n<p>Diese Website speichert Cookies, damit technische Abl\u00e4ufe problemlos funktionieren. Diese Webseite speichert Drittanbieter-Cookies (z.B. von Google). Auf die G\u00fcltigkeitsdauer sowie die Verwendung der Drittanbieter-Cookies haben wir aus technischen Gr\u00fcnden keinen Einfluss. Diese Website stellt \u00fcber eingebettete Elemente Verbindungen zu Drittanbieter-Servern her (Google Maps, Google Analytics). Dabei wird Ihre IP-Adresse an Drittanbieter-Server \u00fcbertragen. Den Opt-Out-Link f\u00fcr Google-Analytics finden Sie weiter unten.<br \/>\nWir nutzen Google Analytics, um beliebte Inhalte identifizieren zu k\u00f6nnen. Wir haben Google Analytics so konfiguriert, dass Ihre IP-Adresse anonymisiert wird. Wir nutzen Google Maps in den Kategorien \u201eAnfahrt\u201c und \u201eKontakt\u201c, um Ihnen unseren Standort in der Karte anzeigen zu k\u00f6nnen. Die Google-Datenschutzinformationen finden Sie hier.<br \/>\nHintergrundinformationen zu den Cookies:<br \/>\nEin Cookie ist eine kleine Textdatei, das von einer Webseite an Ihren Browser gesendet wird. Es werden darin Informationen gespeichert (z.B. \u00fcber Ihren letzten Besuch, Ihre Sprache, aktive Logins oder andere Einstellungen). So k\u00f6nnen Webseiten effektiver genutzt werden. Cookies spielen daher eine wichtige Rolle. Ohne sie w\u00e4re das Surfen im Internet oft frustrierend.<br \/>\nWeitere Informationen zu Cookies:<br \/>\nDie meisten Browser k\u00f6nnen so konfiguriert werden, dass nach dem Schlie\u00dfen alle Cookies automatisch gel\u00f6scht werden.<br \/>\nSie k\u00f6nnen in Ihrem Browser die Cookies manuell l\u00f6schen.<br \/>\nSie k\u00f6nnen Ihren Browser so konfigurieren, dass Drittanbieter-Cookies blockiert werden.<br \/>\nOpt-Out-Link f\u00fcr Google Analytics<br \/>\nKlicken Sie auf diesen Link, um die Erfassung durch Google Analytics innerhalb dieser Website zuk\u00fcnftig zu verhindern.<br \/>\nIn diesem Fall wird ein Opt-Out-Cookie auf Ihrem Ger\u00e4t abgelegt. L\u00f6schen Sie Ihre Cookies, m\u00fcssen Sie diesen Link erneut anklicken.<br \/>\nBrowser-Plugin zum Deaktivieren von Google Analytics<br \/>\nAlternativ zum Opt-Out-Link f\u00fcr Google Analytics k\u00f6nnen Sie auch ein Browser-Plugin zur Deaktivierung von Google-Analytics installieren: http:\/\/tools.google.com\/dlpage\/gaoptout?hl=de<\/p>\n<h2><\/h2>\n<h2>Nutzungsbedingungen zur Internetpr\u00e4senz<\/h2>\n<h3>1. Inhalt des Onlineangebotes<\/h3>\n<p>Der Autor \u00fcbernimmt keinerlei Gew\u00e4hr f\u00fcr die Aktualit\u00e4t, Korrektheit, Vollst\u00e4ndigkeit oder Qualit\u00e4t der bereitgestellten Informationen. Haftungsanspr\u00fcche gegen den Autor, welche sich auf Sch\u00e4den materieller oder ideeller Art beziehen, die durch die Nutzung oder Nichtnutzung der dargebotenen Informationen bzw. durch die Nutzung fehlerhafter und unvollst\u00e4ndiger Informationen verursacht wurden, sind grunds\u00e4tzlich ausgeschlossen, sofern seitens des Autors kein nachweislich vors\u00e4tzliches oder grob fahrl\u00e4ssiges Verschulden vorliegt. Alle Angebote sind freibleibend und unverbindlich. Der Autor beh\u00e4lt es sich ausdr\u00fccklich vor, Teile der Seiten oder das gesamte Angebot ohne gesonderte Ank\u00fcndigung zu ver\u00e4ndern, zu erg\u00e4nzen, zu l\u00f6schen oder die Ver\u00f6ffentlichung zeitweise oder endg\u00fcltig einzustellen.<\/p>\n<h3>2. Verweise und Links<\/h3>\n<p>Bei direkten oder indirekten Verweisen auf fremde Webseiten (\u201eHyperlinks\u201c), die au\u00dferhalb des Verantwortungsbereiches des Autors liegen, w\u00fcrde eine Haftungsverpflichtung ausschlie\u00dflich in dem Fall in Kraft treten, in dem der Autor von den Inhalten Kenntnis hat und es ihm technisch m\u00f6glich und zumutbar w\u00e4re, die Nutzung im Falle rechtswidriger Inhalte zu verhindern.<br \/>\nDer Autor erkl\u00e4rt hiermit ausdr\u00fccklich, dass zum Zeitpunkt der Linksetzung keine illegalen Inhalte auf den zu verlinkenden Seiten erkennbar waren. Auf die aktuelle und zuk\u00fcnftige Gestaltung, die Inhalte oder die Urheberschaft der verlinkten\/verkn\u00fcpften Seiten hat der Autor keinerlei Einfluss. Deshalb distanziert er sich hiermit ausdr\u00fccklich von allen Inhalten aller verlinkten \/verkn\u00fcpften Seiten, die nach der Linksetzung ver\u00e4ndert wurden. Diese Feststellung gilt f\u00fcr alle innerhalb des eigenen Internetangebotes gesetzten Links und Verweise sowie f\u00fcr Fremdeintr\u00e4ge in vom Autor eingerichteten G\u00e4steb\u00fcchern, Diskussionsforen, Linkverzeichnissen, Mailinglisten und in allen anderen Formen von Datenbanken, auf deren Inhalt externe Schreibzugriffe m\u00f6glich sind. F\u00fcr illegale, fehlerhafte oder unvollst\u00e4ndige Inhalte und insbesondere f\u00fcr Sch\u00e4den, die aus der Nutzung oder Nichtnutzung solcherart dargebotener Informationen entstehen, haftet allein der Anbieter der Seite, auf welche verwiesen wurde, nicht derjenige, der \u00fcber Links auf die jeweilige Ver\u00f6ffentlichung lediglich verweist.<\/p>\n<h3>3. Urheber- und Kennzeichenrecht<\/h3>\n<p>Der Autor ist bestrebt, in allen Publikationen die Urheberrechte der verwendeten Grafiken, Tondokumente, Videosequenzen und Texte zu beachten, von ihm selbst erstellte Grafiken, Tondokumente, Videosequenzen und Texte zu nutzen oder auf lizenzfreie Grafiken, Tondokumente, Videosequenzen und Texte zur\u00fcckzugreifen. Alle innerhalb des Internetangebotes genannten und ggf. durch Dritte gesch\u00fctzten Marken- und Warenzeichen unterliegen uneingeschr\u00e4nkt den Bestimmungen des jeweils g\u00fcltigen Kennzeichenrechts und den Besitzrechten der jeweiligen eingetragenen Eigent\u00fcmer. Allein aufgrund der blo\u00dfen Nennung ist nicht der Schluss zu ziehen, dass Markenzeichen nicht durch Rechte Dritter gesch\u00fctzt sind! Das Copyright f\u00fcr ver\u00f6ffentlichte, vom Autor selbst erstellte Objekte bleibt allein beim Autor der Seiten. Eine Vervielf\u00e4ltigung oder Verwendung solcher Grafiken, Tondokumente, Videosequenzen und Texte in anderen elektronischen oder gedruckten Publikationen ist ohne ausdr\u00fcckliche Zustimmung des Autors nicht gestattet.<\/p>\n<h3>4. Rechtswirksamkeit dieses Haftungsausschlusses<\/h3>\n<p>Dieser Haftungsausschluss ist als Teil des Internetangebotes zu betrachten, von dem aus auf diese Seite verwiesen wurde. Sofern Teile oder einzelne Formulierungen dieses Textes der geltenden Rechtslage nicht, nicht mehr oder nicht vollst\u00e4ndig entsprechen sollten, bleiben die \u00fcbrigen Teile des Dokumentes in ihrem Inhalt und ihrer G\u00fcltigkeit davon unber\u00fchrt.<\/p>\n<h3>5. Auf dieser Webpr\u00e4senz wird Bildmaterial von untenstehenden Urhebern verwendet.<\/h3>\n<p>Einige dieser Bilder sind mehrfachverwendet.<\/p>\n<h3>6. Datenschutz<\/h3>\n<p>Sofern innerhalb des Internetangebotes die M\u00f6glichkeit zur Eingabe pers\u00f6nlicher oder gesch\u00e4ftlicher Daten (Emailadressen, Namen, Anschriften) besteht, so erfolgt die Preisgabe dieser Daten seitens des Nutzers auf ausdr\u00fccklich freiwilliger Basis. Die Inanspruchnahme und Bezahlung aller angebotenen Dienste ist \u2013 soweit technisch m\u00f6glich und zumutbar \u2013 auch ohne Angabe solcher Daten bzw. unter Angabe anonymisierter Daten oder eines Pseudonyms gestattet. Die Nutzung der im Rahmen des Impressums oder vergleichbarer Angaben ver\u00f6ffentlichten Kontaktdaten wie Postanschriften, Telefon- und Faxnummern sowie Emailadressen durch Dritte zur \u00dcbersendung von nicht ausdr\u00fccklich angeforderten Informationen ist nicht gestattet. Rechtliche Schritte gegen die Versender von sogenannten Spam-Mails bei Verst\u00f6\u00dfen gegen dieses Verbot sind ausdr\u00fccklich vorbehalten.<\/p>\n<p>Diese Website benutzt Google Analytics, einen Webanalysedienst der Google Inc. (\u201eGoogle\u201c). Google Analytics verwendet sog. \u201eCookies\u201c, Textdateien, die auf Ihrem Computer gespeichert werden und die eine Analyse der Benutzung der Website durch Sie erm\u00f6glichen. Die durch den Cookie erzeugten Informationen \u00fcber Ihre Benutzung dieser Website (einschlie\u00dflich Ihrer IP-Adresse) wird an einen Server von Google in den USA \u00fcbertragen und dort gespeichert. Google wird diese Informationen benutzen, um Ihre Nutzung der Website auszuwerten, um Reports \u00fcber die Websiteaktivit\u00e4ten f\u00fcr die Websitebetreiber zusammenzustellen und um weitere mit der Websitenutzung und der Internetnutzung verbundene Dienstleistungen zu erbringen. Auch wird Google diese Informationen gegebenenfalls an Dritte \u00fcbertragen, sofern dies gesetzlich vorgeschrieben oder soweit Dritte diese Daten im Auftrag von Google verarbeiten. Google wird in keinem Fall Ihre IP-Adresse mit anderen Daten von Google in Verbindung bringen. Sie k\u00f6nnen die Installation der Cookies durch eine entsprechende Einstellung Ihrer Browser Software verhindern; wir weisen Sie jedoch darauf hin, dass Sie in diesem Fall gegebenenfalls nicht s\u00e4mtliche Funktionen dieser Website vollumf\u00e4nglich nutzen k\u00f6nnen. Durch die Nutzung dieser Website erkl\u00e4ren Sie sich mit der Bearbeitung der \u00fcber Sie erhobenen Daten durch Google in der zuvor beschriebenen Art und Weise und zu dem zuvor benannten Zweck einverstanden.<\/p>\n<h3>7. Widerspruch Werbe-Mails<\/h3>\n<p>Der Nutzung von Kontaktdaten zur \u00dcbersendung von nicht ausdr\u00fccklich angeforderter Werbung und Informationen wird hiermit widersprochen. Die Naturkost Duschlbaur GmbH beh\u00e4lt sich rechtliche Schritte bei unverlangter Zusendung von Werbeinformationen, insbesondere bei Spam-E-Mails, vor.<\/p>\n<h2><\/h2>\n<h2>Datenschutzerkl\u00e4rung<\/h2>\n<h3>Informationsverpflichtungen nach der DSGVO<\/h3>\n<p>Name der Datenverarbeitung: CASEUS GMBH<br \/>\nWir verarbeiten Ihre personenbezogenen Daten, die unter folgende Datenkategorien fallen: z.B. Kontaktdaten, Vertragsdaten, Verrechnungsdaten, Bestelldaten, Entgeltdaten und \u00e4hnliches.<\/p>\n<p>Rechtsgrundlage Einwilligung<br \/>\nSie haben uns Daten, n\u00e4mlich Name, Adresse, Email \u00fcber sich freiwillig zur Verf\u00fcgung gestellt und wir verarbeiten diese Daten auf Grundlage Ihrer Einwilligung zu folgenden Zwecken: z.B. Kundenkonto, Rabattaktionen, Zusendung von Information \u00fcber unsere Produkte.<br \/>\nSie k\u00f6nnen diese Einwilligung jederzeit widerrufen. Ein Widerruf hat zur Folge, dass wir Ihre Daten ab diesem Zeitpunkt zu oben genannten Zwecken nicht mehr verarbeiten. F\u00fcr einen Widerruf wenden Sie sich bitte schriftlich an: kontakt@cheese-gentlemen.com<\/p>\n<p>Rechtsgrundlage Vertragserf\u00fcllung<br \/>\nDie von Ihnen bereit gestellten Daten sind zur Vertragserf\u00fcllung bzw. zur Durchf\u00fchrung vorvertraglicher Ma\u00dfnahmen erforderlich. Ohne diese Daten k\u00f6nnen wir den Vertrag mit Ihnen nicht abschlie\u00dfen.<br \/>\nDie Daten dienen dem Zweck der Rechnungserstellung (gesetzlich vorgeschriebene Sieben-Jahres-Aufbewahrungsfrist), f\u00fchren eines Kunden-Kontos und gelegentliches versenden von Informationen \u00fcber unsere Produkte.<\/p>\n<p>Rechtsgrundlage berechtigte Interessen<br \/>\nWir verarbeiten Daten \u00fcber Sie aufgrund unserer berechtigten Interessen oder denen eines Dritten.<br \/>\nDie Daten dienen dem Zweck der Rechnungserstellung (gesetzlich vorgeschriebene Sieben-Jahres-Aufbewahrungsfrist), dem F\u00fchren eines Kunden Kontos als auch zu gelegentlichen Werbezwecken. Die Zurverf\u00fcgungstellung Ihrer Daten ist zwingend verpflichtend f\u00fcr den Vertragsabschluss.<\/p>\n<p>Speicherdauer\/L\u00f6schungsfrist<br \/>\nWir speichern Ihre Daten basierend auf der derzeit gesetzlich vorgeschriebenen Sieben-Jahres-Frist. Diese l\u00e4uft vom Schluss des Kalenderjahres an, f\u00fcr das die letzte Eintragung vorgenommen wurde.<\/p>\n<p>Auftragsverarbeiter<br \/>\nF\u00fcr diese Datenverarbeitung ziehen wir Auftragsverarbeiter heran.<\/p>\n<p>Kontakt<br \/>\nSie erreichen uns unter folgenden Kontaktdaten:<\/p>\n<p><strong>CASEUS GMBH<\/strong><\/p>\n<p>Flughafenstra\u00dfe 8<br \/>\n9020 Klagenfurt<br \/>\nAUSTRIA<\/p>\n<p>+43 664 411 6592<br \/>\noffice@cheese-gentlemen.com<\/p>\n<h3><\/h3>\n<p>Unseren Datenschutzbeauftragten erreichen Sie unter:<br \/>\nkontakt@cheese-gentlemen.com oder +43 664 411 6592<\/p>\n<p>Rechtsbehelfsbelehrung<br \/>\nIhnen stehen grunds\u00e4tzlich die Rechte auf Auskunft, Berichtigung, L\u00f6schung, Einschr\u00e4nkung, Daten\u00fcbertragbarkeit und Widerspruch zu. Daf\u00fcr wenden Sie sich an uns.<br \/>\nWenn Sie glauben, dass die Verarbeitung Ihrer Daten gegen das Datenschutzrecht verst\u00f6\u00dft oder Ihre datenschutzrechtlichen Anspr\u00fcche sonst in einer Weise verletzt worden sind, k\u00f6nnen Sie sich bei der Aufsichtsbeh\u00f6rde beschweren. In \u00d6sterreich ist die Datenschutzbeh\u00f6rde zust\u00e4ndig.<\/p>\n<p>KONTAKTADRESSE<br \/>\nAufsichtsbeh\u00f6rde f\u00fcr die Einhaltung datenschutzrechtlicher Bestimmungen in \u00d6sterreich:<br \/>\n\u00d6sterreichische Datenschutzbeh\u00f6rde<br \/>\nHohenstaufengasse 3<br \/>\n1010 Wien<br \/>\nTelefon: +43 1 531 15-202525<br \/>\nTelefax: +43 1 531 15-202690<br \/>\nE: dsb@dsb.gv.at<br \/>\nW: http:\/\/www.dsb.gv.at\/[\/vc_column_text][\/vc_column][\/vc_row]<\/p>\n<\/section>","protected":false},"excerpt":{"rendered":"<p>[vc_row][vc_column][vc_column_text woodmart_inline=&#8221;no&#8221; text_larger=&#8221;no&#8221;] Informationen zum Datenschutz Unsere Datenschutzrichtlinie Die Einhaltung der jeweils geltenden gesetzlichen Bestimmungen zum Datenschutz personenbezogener Daten ist<\/p>\n","protected":false},"author":1,"featured_media":0,"parent":0,"menu_order":0,"comment_status":"closed","ping_status":"closed","template":"","meta":{"inline_featured_image":false},"yoast_head":"<!-- This site is optimized with the Yoast SEO plugin v20.8 - https:\/\/yoast.com\/wordpress\/plugins\/seo\/ -->\n<title>Data privacy - Cheese Gentlemen<\/title>\n<meta name=\"robots\" content=\"index, follow, max-snippet:-1, max-image-preview:large, max-video-preview:-1\" \/>\n<link rel=\"canonical\" href=\"https:\/\/cheese-gentlemen.com\/en\/data-privacy\/\" \/>\n<meta property=\"og:locale\" content=\"en_US\" \/>\n<meta property=\"og:type\" content=\"article\" \/>\n<meta property=\"og:title\" content=\"Data privacy - Cheese Gentlemen\" \/>\n<meta property=\"og:description\" content=\"[vc_row][vc_column][vc_column_text woodmart_inline=&#8221;no&#8221; text_larger=&#8221;no&#8221;] Informationen zum Datenschutz Unsere Datenschutzrichtlinie Die Einhaltung der jeweils geltenden gesetzlichen Bestimmungen zum Datenschutz personenbezogener Daten ist\" \/>\n<meta property=\"og:url\" content=\"https:\/\/cheese-gentlemen.com\/en\/data-privacy\/\" \/>\n<meta property=\"og:site_name\" content=\"Cheese Gentlemen\" \/>\n<meta property=\"article:modified_time\" content=\"2022-11-04T07:55:22+00:00\" \/>\n<meta name=\"twitter:card\" content=\"summary_large_image\" \/>\n<script type=\"application\/ld+json\" class=\"yoast-schema-graph\">{\"@context\":\"https:\/\/schema.org\",\"@graph\":[{\"@type\":\"WebPage\",\"@id\":\"https:\/\/cheese-gentlemen.com\/en\/data-privacy\/\",\"url\":\"https:\/\/cheese-gentlemen.com\/en\/data-privacy\/\",\"name\":\"Data privacy - Cheese Gentlemen\",\"isPartOf\":{\"@id\":\"https:\/\/cheese-gentlemen.com\/en\/#website\"},\"datePublished\":\"2022-10-25T09:17:30+00:00\",\"dateModified\":\"2022-11-04T07:55:22+00:00\",\"breadcrumb\":{\"@id\":\"https:\/\/cheese-gentlemen.com\/en\/data-privacy\/#breadcrumb\"},\"inLanguage\":\"en-US\",\"potentialAction\":[{\"@type\":\"ReadAction\",\"target\":[\"https:\/\/cheese-gentlemen.com\/en\/data-privacy\/\"]}]},{\"@type\":\"BreadcrumbList\",\"@id\":\"https:\/\/cheese-gentlemen.com\/en\/data-privacy\/#breadcrumb\",\"itemListElement\":[{\"@type\":\"ListItem\",\"position\":1,\"name\":\"Startseite\",\"item\":\"https:\/\/cheese-gentlemen.com\/en\/\"},{\"@type\":\"ListItem\",\"position\":2,\"name\":\"Data privacy\"}]},{\"@type\":\"WebSite\",\"@id\":\"https:\/\/cheese-gentlemen.com\/en\/#website\",\"url\":\"https:\/\/cheese-gentlemen.com\/en\/\",\"name\":\"Cheese Gentlemen\",\"description\":\"Ein St\u00fcck  Genuss vom Gentleman\",\"publisher\":{\"@id\":\"https:\/\/cheese-gentlemen.com\/en\/#organization\"},\"potentialAction\":[{\"@type\":\"SearchAction\",\"target\":{\"@type\":\"EntryPoint\",\"urlTemplate\":\"https:\/\/cheese-gentlemen.com\/en\/?s={search_term_string}\"},\"query-input\":\"required name=search_term_string\"}],\"inLanguage\":\"en-US\"},{\"@type\":\"Organization\",\"@id\":\"https:\/\/cheese-gentlemen.com\/en\/#organization\",\"name\":\"Cheese Gentlemen\",\"url\":\"https:\/\/cheese-gentlemen.com\/en\/\",\"logo\":{\"@type\":\"ImageObject\",\"inLanguage\":\"en-US\",\"@id\":\"https:\/\/cheese-gentlemen.com\/en\/#\/schema\/logo\/image\/\",\"url\":\"https:\/\/cheese-gentlemen.com\/wp-content\/uploads\/2022\/08\/logo-cheese.svg\",\"contentUrl\":\"https:\/\/cheese-gentlemen.com\/wp-content\/uploads\/2022\/08\/logo-cheese.svg\",\"width\":\"1024\",\"height\":\"1024\",\"caption\":\"Cheese Gentlemen\"},\"image\":{\"@id\":\"https:\/\/cheese-gentlemen.com\/en\/#\/schema\/logo\/image\/\"}}]}<\/script>\n<!-- \/ Yoast SEO plugin. -->","yoast_head_json":{"title":"Data privacy - Cheese Gentlemen","robots":{"index":"index","follow":"follow","max-snippet":"max-snippet:-1","max-image-preview":"max-image-preview:large","max-video-preview":"max-video-preview:-1"},"canonical":"https:\/\/cheese-gentlemen.com\/en\/data-privacy\/","og_locale":"en_US","og_type":"article","og_title":"Data privacy - Cheese Gentlemen","og_description":"[vc_row][vc_column][vc_column_text woodmart_inline=&#8221;no&#8221; text_larger=&#8221;no&#8221;] Informationen zum Datenschutz Unsere Datenschutzrichtlinie Die Einhaltung der jeweils geltenden gesetzlichen Bestimmungen zum Datenschutz personenbezogener Daten ist","og_url":"https:\/\/cheese-gentlemen.com\/en\/data-privacy\/","og_site_name":"Cheese Gentlemen","article_modified_time":"2022-11-04T07:55:22+00:00","twitter_card":"summary_large_image","schema":{"@context":"https:\/\/schema.org","@graph":[{"@type":"WebPage","@id":"https:\/\/cheese-gentlemen.com\/en\/data-privacy\/","url":"https:\/\/cheese-gentlemen.com\/en\/data-privacy\/","name":"Data privacy - Cheese Gentlemen","isPartOf":{"@id":"https:\/\/cheese-gentlemen.com\/en\/#website"},"datePublished":"2022-10-25T09:17:30+00:00","dateModified":"2022-11-04T07:55:22+00:00","breadcrumb":{"@id":"https:\/\/cheese-gentlemen.com\/en\/data-privacy\/#breadcrumb"},"inLanguage":"en-US","potentialAction":[{"@type":"ReadAction","target":["https:\/\/cheese-gentlemen.com\/en\/data-privacy\/"]}]},{"@type":"BreadcrumbList","@id":"https:\/\/cheese-gentlemen.com\/en\/data-privacy\/#breadcrumb","itemListElement":[{"@type":"ListItem","position":1,"name":"Startseite","item":"https:\/\/cheese-gentlemen.com\/en\/"},{"@type":"ListItem","position":2,"name":"Data privacy"}]},{"@type":"WebSite","@id":"https:\/\/cheese-gentlemen.com\/en\/#website","url":"https:\/\/cheese-gentlemen.com\/en\/","name":"Cheese Gentlemen","description":"Ein St\u00fcck  Genuss vom Gentleman","publisher":{"@id":"https:\/\/cheese-gentlemen.com\/en\/#organization"},"potentialAction":[{"@type":"SearchAction","target":{"@type":"EntryPoint","urlTemplate":"https:\/\/cheese-gentlemen.com\/en\/?s={search_term_string}"},"query-input":"required name=search_term_string"}],"inLanguage":"en-US"},{"@type":"Organization","@id":"https:\/\/cheese-gentlemen.com\/en\/#organization","name":"Cheese Gentlemen","url":"https:\/\/cheese-gentlemen.com\/en\/","logo":{"@type":"ImageObject","inLanguage":"en-US","@id":"https:\/\/cheese-gentlemen.com\/en\/#\/schema\/logo\/image\/","url":"https:\/\/cheese-gentlemen.com\/wp-content\/uploads\/2022\/08\/logo-cheese.svg","contentUrl":"https:\/\/cheese-gentlemen.com\/wp-content\/uploads\/2022\/08\/logo-cheese.svg","width":"1024","height":"1024","caption":"Cheese Gentlemen"},"image":{"@id":"https:\/\/cheese-gentlemen.com\/en\/#\/schema\/logo\/image\/"}}]}},"_links":{"self":[{"href":"https:\/\/cheese-gentlemen.com\/en\/wp-json\/wp\/v2\/pages\/830"}],"collection":[{"href":"https:\/\/cheese-gentlemen.com\/en\/wp-json\/wp\/v2\/pages"}],"about":[{"href":"https:\/\/cheese-gentlemen.com\/en\/wp-json\/wp\/v2\/types\/page"}],"author":[{"embeddable":true,"href":"https:\/\/cheese-gentlemen.com\/en\/wp-json\/wp\/v2\/users\/1"}],"replies":[{"embeddable":true,"href":"https:\/\/cheese-gentlemen.com\/en\/wp-json\/wp\/v2\/comments?post=830"}],"version-history":[{"count":2,"href":"https:\/\/cheese-gentlemen.com\/en\/wp-json\/wp\/v2\/pages\/830\/revisions"}],"predecessor-version":[{"id":832,"href":"https:\/\/cheese-gentlemen.com\/en\/wp-json\/wp\/v2\/pages\/830\/revisions\/832"}],"wp:attachment":[{"href":"https:\/\/cheese-gentlemen.com\/en\/wp-json\/wp\/v2\/media?parent=830"}],"curies":[{"name":"wp","href":"https:\/\/api.w.org\/{rel}","templated":true}]}}